{"id":83,"date":"2025-10-21T16:39:09","date_gmt":"2025-10-21T16:39:09","guid":{"rendered":"https:\/\/ammpf.mx\/en\/?page_id=83"},"modified":"2026-03-24T14:53:45","modified_gmt":"2026-03-24T14:53:45","slug":"prensa","status":"publish","type":"page","link":"https:\/\/ammpf.mx\/en\/prensa\/","title":{"rendered":"Prensa"},"content":{"rendered":"\t\t<div data-elementor-type=\"wp-page\" data-elementor-id=\"83\" class=\"elementor elementor-83\" data-elementor-post-type=\"page\">\n\t\t\t\t<div data-particle_enable=\"false\" data-particle-mobile-disabled=\"false\" class=\"elementor-element elementor-element-13cf83f2 e-con-full e-flex e-con e-parent\" data-id=\"13cf83f2\" data-element_type=\"container\" data-settings=\"{&quot;background_background&quot;:&quot;classic&quot;}\">\n\t\t<div data-particle_enable=\"false\" data-particle-mobile-disabled=\"false\" class=\"elementor-element elementor-element-7e14f194 e-con-full e-flex e-con e-child\" data-id=\"7e14f194\" data-element_type=\"container\" data-settings=\"{&quot;motion_fx_motion_fx_scrolling&quot;:&quot;yes&quot;,&quot;motion_fx_translateY_effect&quot;:&quot;yes&quot;,&quot;motion_fx_translateY_direction&quot;:&quot;negative&quot;,&quot;motion_fx_translateY_speed&quot;:{&quot;unit&quot;:&quot;px&quot;,&quot;size&quot;:7,&quot;sizes&quot;:[]},&quot;motion_fx_blur_effect&quot;:&quot;yes&quot;,&quot;motion_fx_blur_direction&quot;:&quot;out-in-out&quot;,&quot;motion_fx_blur_level&quot;:{&quot;unit&quot;:&quot;px&quot;,&quot;size&quot;:15,&quot;sizes&quot;:[]},&quot;motion_fx_blur_range&quot;:{&quot;unit&quot;:&quot;%&quot;,&quot;size&quot;:&quot;&quot;,&quot;sizes&quot;:{&quot;start&quot;:0,&quot;end&quot;:60}},&quot;motion_fx_translateY_affectedRange&quot;:{&quot;unit&quot;:&quot;%&quot;,&quot;size&quot;:&quot;&quot;,&quot;sizes&quot;:{&quot;start&quot;:0,&quot;end&quot;:100}},&quot;motion_fx_devices&quot;:[&quot;desktop&quot;,&quot;tablet&quot;,&quot;mobile&quot;]}\">\n\t\t\t\t<div class=\"elementor-element elementor-element-4d576df2 animated-slow elementor-invisible elementor-widget elementor-widget-heading\" data-id=\"4d576df2\" data-element_type=\"widget\" data-settings=\"{&quot;_animation&quot;:&quot;zoomIn&quot;,&quot;_animation_delay&quot;:350,&quot;_animation_mobile&quot;:&quot;zoomIn&quot;}\" data-widget_type=\"heading.default\">\n\t\t\t\t\t<h2 class=\"elementor-heading-title elementor-size-default\">LO M\u00c1S RECIENTE EN<\/h2>\t\t\t\t<\/div>\n\t\t\t\t<div class=\"elementor-element elementor-element-39f2acd3 animated-slow elementor-invisible elementor-widget elementor-widget-heading\" data-id=\"39f2acd3\" data-element_type=\"widget\" data-settings=\"{&quot;_animation&quot;:&quot;zoomIn&quot;,&quot;_animation_delay&quot;:350,&quot;_animation_mobile&quot;:&quot;zoomIn&quot;}\" data-widget_type=\"heading.default\">\n\t\t\t\t\t<h2 class=\"elementor-heading-title elementor-size-default\">MEDICINA FUNCIONAL<\/h2>\t\t\t\t<\/div>\n\t\t\t\t<\/div>\n\t\t\t\t<\/div>\n\t\t<div data-particle_enable=\"false\" data-particle-mobile-disabled=\"false\" class=\"elementor-element elementor-element-2d60d9de e-flex e-con-boxed e-con e-parent\" data-id=\"2d60d9de\" data-element_type=\"container\" data-settings=\"{&quot;background_background&quot;:&quot;classic&quot;}\">\n\t\t\t\t\t<div class=\"e-con-inner\">\n\t\t\t\t<div class=\"elementor-element elementor-element-5753b5e5 elementor-widget__width-initial eael-flipbox-content-align-center eael-flipbox-img-default elementor-widget elementor-widget-eael-flip-box\" data-id=\"5753b5e5\" data-element_type=\"widget\" data-widget_type=\"eael-flip-box.default\">\n\t\t\t\t\t        <div class=\"eael-elements-flip-box-container eael-animate-flip eael-animate-zoom-in eael-content eael-flip-box-hover eael-flipbox-fixed-height eael-flipbox-dynamic\">\n\n            <div class=\"eael-elements-flip-box-flip-card\">\n                <div class=\"eael-elements-flip-box-front-container\">\n                    \n                    \n                        <div class=\"eael-elements-slider-display-table\">\n                            <div class=\"eael-elements-flip-box-vertical-align\">\n                                <div class=\"eael-elements-flip-box-padding\">\n                                    <div class=\"eael-elements-flip-box-icon-image\">\n                                                                                    <img decoding=\"async\" class=\"eael-flipbox-image-as-icon\" src=\"https:\/\/ammpf.mx\/en\/wp-content\/uploads\/sites\/2\/2025\/10\/12.png\" alt=\"\">\n                                                                            <\/div>\n                                                                        <div class=\"eael-elements-flip-box-content\">\n\t                                                                        <\/div>\n                                <\/div>\n                            <\/div>\n                        <\/div>\n                                    <\/div>\n\n                <div class=\"eael-elements-flip-box-rear-container\">\n                                                                <div class=\"eael-elements-slider-display-table\">\n                            <div class=\"eael-elements-flip-box-vertical-align\">\n                                <div class=\"eael-elements-flip-box-padding\">\n                                                                            <div class=\"eael-elements-flip-box-icon-image\">\n                                                                                            <img decoding=\"async\" class=\"eael-flipbox-image-as-icon\" src=\"\" alt=\"\">\n                                                                                    <\/div>\n                                                                                                            <h2 class=\"eael-elements-flip-box-heading\">Vita Plenus transforma la salud con un modelo integral de medicina<\/h2>\n                                                                        <div class=\"eael-elements-flip-box-content\">\n                                        <p>Ver M\u00e1s<\/p>                                    <\/div>\n\n                                                                    <\/div>\n                            <\/div>\n                        <\/div>\n                                    <\/div>\n            <\/div>\n        <\/div>\n        \t\t\t\t<\/div>\n\t\t\t\t<div class=\"elementor-element elementor-element-2ea6fa7 elementor-widget__width-initial eael-flipbox-content-align-center eael-flipbox-img-default elementor-widget elementor-widget-eael-flip-box\" data-id=\"2ea6fa7\" data-element_type=\"widget\" data-widget_type=\"eael-flip-box.default\">\n\t\t\t\t\t        <div class=\"eael-elements-flip-box-container eael-animate-flip eael-animate-zoom-in eael-content eael-flip-box-hover eael-flipbox-fixed-height eael-flipbox-dynamic\">\n\n            <div class=\"eael-elements-flip-box-flip-card\">\n                <div class=\"eael-elements-flip-box-front-container\">\n                    \n                    \n                        <div class=\"eael-elements-slider-display-table\">\n                            <div class=\"eael-elements-flip-box-vertical-align\">\n                                <div class=\"eael-elements-flip-box-padding\">\n                                    <div class=\"eael-elements-flip-box-icon-image\">\n                                                                                    <img decoding=\"async\" class=\"eael-flipbox-image-as-icon\" src=\"https:\/\/ammpf.mx\/en\/wp-content\/uploads\/sites\/2\/2025\/10\/12.png\" alt=\"\">\n                                                                            <\/div>\n                                                                        <div class=\"eael-elements-flip-box-content\">\n\t                                                                        <\/div>\n                                <\/div>\n                            <\/div>\n                        <\/div>\n                                    <\/div>\n\n                <div class=\"eael-elements-flip-box-rear-container\">\n                                                                <div class=\"eael-elements-slider-display-table\">\n                            <div class=\"eael-elements-flip-box-vertical-align\">\n                                <div class=\"eael-elements-flip-box-padding\">\n                                                                            <div class=\"eael-elements-flip-box-icon-image\">\n                                                                                            <img decoding=\"async\" class=\"eael-flipbox-image-as-icon\" src=\"\" alt=\"\">\n                                                                                    <\/div>\n                                                                                                            <h2 class=\"eael-elements-flip-box-heading\">Vita Plenus transforma la salud con un modelo integral de medicina<\/h2>\n                                                                        <div class=\"eael-elements-flip-box-content\">\n                                        <p>Ver M\u00e1s<\/p>                                    <\/div>\n\n                                                                    <\/div>\n                            <\/div>\n                        <\/div>\n                                    <\/div>\n            <\/div>\n        <\/div>\n        \t\t\t\t<\/div>\n\t\t\t\t<div class=\"elementor-element elementor-element-55b4086 elementor-widget__width-initial eael-flipbox-content-align-center eael-flipbox-img-default elementor-widget elementor-widget-eael-flip-box\" data-id=\"55b4086\" data-element_type=\"widget\" data-widget_type=\"eael-flip-box.default\">\n\t\t\t\t\t        <div class=\"eael-elements-flip-box-container eael-animate-flip eael-animate-zoom-in eael-content eael-flip-box-hover eael-flipbox-fixed-height eael-flipbox-dynamic\">\n\n            <div class=\"eael-elements-flip-box-flip-card\">\n                <div class=\"eael-elements-flip-box-front-container\">\n                    \n                    \n                        <div class=\"eael-elements-slider-display-table\">\n                            <div class=\"eael-elements-flip-box-vertical-align\">\n                                <div class=\"eael-elements-flip-box-padding\">\n                                    <div class=\"eael-elements-flip-box-icon-image\">\n                                                                                    <img decoding=\"async\" class=\"eael-flipbox-image-as-icon\" src=\"https:\/\/ammpf.mx\/en\/wp-content\/uploads\/sites\/2\/2025\/10\/12.png\" alt=\"\">\n                                                                            <\/div>\n                                                                        <div class=\"eael-elements-flip-box-content\">\n\t                                                                        <\/div>\n                                <\/div>\n                            <\/div>\n                        <\/div>\n                                    <\/div>\n\n                <div class=\"eael-elements-flip-box-rear-container\">\n                                                                <div class=\"eael-elements-slider-display-table\">\n                            <div class=\"eael-elements-flip-box-vertical-align\">\n                                <div class=\"eael-elements-flip-box-padding\">\n                                                                            <div class=\"eael-elements-flip-box-icon-image\">\n                                                                                            <img decoding=\"async\" class=\"eael-flipbox-image-as-icon\" src=\"\" alt=\"\">\n                                                                                    <\/div>\n                                                                                                            <h2 class=\"eael-elements-flip-box-heading\">Vita Plenus transforma la salud con un modelo integral de medicina<\/h2>\n                                                                        <div class=\"eael-elements-flip-box-content\">\n                                        <p>Ver M\u00e1s<\/p>                                    <\/div>\n\n                                                                    <\/div>\n                            <\/div>\n                        <\/div>\n                                    <\/div>\n            <\/div>\n        <\/div>\n        \t\t\t\t<\/div>\n\t\t\t\t\t<\/div>\n\t\t\t\t<\/div>\n\t\t\t\t<\/div>\n\t\t","protected":false},"excerpt":{"rendered":"<p>LO M\u00c1S RECIENTE EN MEDICINA FUNCIONAL Vita Plenus transforma la salud con un modelo integral de medicina Ver M\u00e1s Vita Plenus transforma la salud con un modelo integral de medicina Ver M\u00e1s Vita Plenus transforma la salud con un modelo integral de medicina Ver M\u00e1s<\/p>\n","protected":false},"author":2,"featured_media":0,"parent":0,"menu_order":0,"comment_status":"closed","ping_status":"closed","template":"","meta":{"footnotes":""},"class_list":["post-83","page","type-page","status-publish","hentry"],"yoast_head":"<!-- This site is optimized with the Yoast SEO plugin v26.8 - https:\/\/yoast.com\/product\/yoast-seo-wordpress\/ -->\n<title>Prensa - Ammpf en<\/title>\n<meta name=\"robots\" content=\"index, follow, max-snippet:-1, max-image-preview:large, max-video-preview:-1\" \/>\n<link rel=\"canonical\" href=\"https:\/\/ammpf.mx\/en\/prensa\/\" \/>\n<meta property=\"og:locale\" content=\"en_US\" \/>\n<meta property=\"og:type\" content=\"article\" \/>\n<meta property=\"og:title\" content=\"Prensa - Ammpf en\" \/>\n<meta property=\"og:description\" content=\"LO M\u00c1S RECIENTE EN MEDICINA FUNCIONAL Vita Plenus transforma la salud con un modelo integral de medicina Ver M\u00e1s Vita Plenus transforma la salud con un modelo integral de medicina Ver M\u00e1s Vita Plenus transforma la salud con un modelo integral de medicina Ver M\u00e1s\" \/>\n<meta property=\"og:url\" content=\"https:\/\/ammpf.mx\/en\/prensa\/\" \/>\n<meta property=\"og:site_name\" content=\"Ammpf en\" \/>\n<meta property=\"article:modified_time\" content=\"2026-03-24T14:53:45+00:00\" \/>\n<meta property=\"og:image\" content=\"https:\/\/ammpf.mx\/en\/wp-content\/uploads\/sites\/2\/2025\/10\/12.png\" \/>\n<meta name=\"twitter:card\" content=\"summary_large_image\" \/>\n<meta name=\"twitter:label1\" content=\"Est. reading time\" \/>\n\t<meta name=\"twitter:data1\" content=\"2 minutes\" \/>\n<script type=\"application\/ld+json\" class=\"yoast-schema-graph\">{\"@context\":\"https:\/\/schema.org\",\"@graph\":[{\"@type\":\"WebPage\",\"@id\":\"https:\/\/ammpf.mx\/en\/prensa\/\",\"url\":\"https:\/\/ammpf.mx\/en\/prensa\/\",\"name\":\"Prensa - Ammpf en\",\"isPartOf\":{\"@id\":\"https:\/\/ammpf.mx\/en\/#website\"},\"primaryImageOfPage\":{\"@id\":\"https:\/\/ammpf.mx\/en\/prensa\/#primaryimage\"},\"image\":{\"@id\":\"https:\/\/ammpf.mx\/en\/prensa\/#primaryimage\"},\"thumbnailUrl\":\"https:\/\/ammpf.mx\/en\/wp-content\/uploads\/sites\/2\/2025\/10\/12.png\",\"datePublished\":\"2025-10-21T16:39:09+00:00\",\"dateModified\":\"2026-03-24T14:53:45+00:00\",\"breadcrumb\":{\"@id\":\"https:\/\/ammpf.mx\/en\/prensa\/#breadcrumb\"},\"inLanguage\":\"en-US\",\"potentialAction\":[{\"@type\":\"ReadAction\",\"target\":[\"https:\/\/ammpf.mx\/en\/prensa\/\"]}]},{\"@type\":\"ImageObject\",\"inLanguage\":\"en-US\",\"@id\":\"https:\/\/ammpf.mx\/en\/prensa\/#primaryimage\",\"url\":\"https:\/\/ammpf.mx\/en\/wp-content\/uploads\/sites\/2\/2025\/10\/12.png\",\"contentUrl\":\"https:\/\/ammpf.mx\/en\/wp-content\/uploads\/sites\/2\/2025\/10\/12.png\",\"width\":2560,\"height\":465},{\"@type\":\"BreadcrumbList\",\"@id\":\"https:\/\/ammpf.mx\/en\/prensa\/#breadcrumb\",\"itemListElement\":[{\"@type\":\"ListItem\",\"position\":1,\"name\":\"Home\",\"item\":\"https:\/\/ammpf.mx\/en\/\"},{\"@type\":\"ListItem\",\"position\":2,\"name\":\"Prensa\"}]},{\"@type\":\"WebSite\",\"@id\":\"https:\/\/ammpf.mx\/en\/#website\",\"url\":\"https:\/\/ammpf.mx\/en\/\",\"name\":\"Ammpf en\",\"description\":\"\",\"potentialAction\":[{\"@type\":\"SearchAction\",\"target\":{\"@type\":\"EntryPoint\",\"urlTemplate\":\"https:\/\/ammpf.mx\/en\/?s={search_term_string}\"},\"query-input\":{\"@type\":\"PropertyValueSpecification\",\"valueRequired\":true,\"valueName\":\"search_term_string\"}}],\"inLanguage\":\"en-US\"}]}<\/script>\n<!-- \/ Yoast SEO plugin. -->","yoast_head_json":{"title":"Prensa - Ammpf en","robots":{"index":"index","follow":"follow","max-snippet":"max-snippet:-1","max-image-preview":"max-image-preview:large","max-video-preview":"max-video-preview:-1"},"canonical":"https:\/\/ammpf.mx\/en\/prensa\/","og_locale":"en_US","og_type":"article","og_title":"Prensa - Ammpf en","og_description":"LO M\u00c1S RECIENTE EN MEDICINA FUNCIONAL Vita Plenus transforma la salud con un modelo integral de medicina Ver M\u00e1s Vita Plenus transforma la salud con un modelo integral de medicina Ver M\u00e1s Vita Plenus transforma la salud con un modelo integral de medicina Ver M\u00e1s","og_url":"https:\/\/ammpf.mx\/en\/prensa\/","og_site_name":"Ammpf en","article_modified_time":"2026-03-24T14:53:45+00:00","og_image":[{"url":"https:\/\/ammpf.mx\/en\/wp-content\/uploads\/sites\/2\/2025\/10\/12.png","type":"","width":"","height":""}],"twitter_card":"summary_large_image","twitter_misc":{"Est. reading time":"2 minutes"},"schema":{"@context":"https:\/\/schema.org","@graph":[{"@type":"WebPage","@id":"https:\/\/ammpf.mx\/en\/prensa\/","url":"https:\/\/ammpf.mx\/en\/prensa\/","name":"Prensa - Ammpf en","isPartOf":{"@id":"https:\/\/ammpf.mx\/en\/#website"},"primaryImageOfPage":{"@id":"https:\/\/ammpf.mx\/en\/prensa\/#primaryimage"},"image":{"@id":"https:\/\/ammpf.mx\/en\/prensa\/#primaryimage"},"thumbnailUrl":"https:\/\/ammpf.mx\/en\/wp-content\/uploads\/sites\/2\/2025\/10\/12.png","datePublished":"2025-10-21T16:39:09+00:00","dateModified":"2026-03-24T14:53:45+00:00","breadcrumb":{"@id":"https:\/\/ammpf.mx\/en\/prensa\/#breadcrumb"},"inLanguage":"en-US","potentialAction":[{"@type":"ReadAction","target":["https:\/\/ammpf.mx\/en\/prensa\/"]}]},{"@type":"ImageObject","inLanguage":"en-US","@id":"https:\/\/ammpf.mx\/en\/prensa\/#primaryimage","url":"https:\/\/ammpf.mx\/en\/wp-content\/uploads\/sites\/2\/2025\/10\/12.png","contentUrl":"https:\/\/ammpf.mx\/en\/wp-content\/uploads\/sites\/2\/2025\/10\/12.png","width":2560,"height":465},{"@type":"BreadcrumbList","@id":"https:\/\/ammpf.mx\/en\/prensa\/#breadcrumb","itemListElement":[{"@type":"ListItem","position":1,"name":"Home","item":"https:\/\/ammpf.mx\/en\/"},{"@type":"ListItem","position":2,"name":"Prensa"}]},{"@type":"WebSite","@id":"https:\/\/ammpf.mx\/en\/#website","url":"https:\/\/ammpf.mx\/en\/","name":"Ammpf en","description":"","potentialAction":[{"@type":"SearchAction","target":{"@type":"EntryPoint","urlTemplate":"https:\/\/ammpf.mx\/en\/?s={search_term_string}"},"query-input":{"@type":"PropertyValueSpecification","valueRequired":true,"valueName":"search_term_string"}}],"inLanguage":"en-US"}]}},"_links":{"self":[{"href":"https:\/\/ammpf.mx\/en\/wp-json\/wp\/v2\/pages\/83","targetHints":{"allow":["GET"]}}],"collection":[{"href":"https:\/\/ammpf.mx\/en\/wp-json\/wp\/v2\/pages"}],"about":[{"href":"https:\/\/ammpf.mx\/en\/wp-json\/wp\/v2\/types\/page"}],"author":[{"embeddable":true,"href":"https:\/\/ammpf.mx\/en\/wp-json\/wp\/v2\/users\/2"}],"replies":[{"embeddable":true,"href":"https:\/\/ammpf.mx\/en\/wp-json\/wp\/v2\/comments?post=83"}],"version-history":[{"count":46,"href":"https:\/\/ammpf.mx\/en\/wp-json\/wp\/v2\/pages\/83\/revisions"}],"predecessor-version":[{"id":680,"href":"https:\/\/ammpf.mx\/en\/wp-json\/wp\/v2\/pages\/83\/revisions\/680"}],"wp:attachment":[{"href":"https:\/\/ammpf.mx\/en\/wp-json\/wp\/v2\/media?parent=83"}],"curies":[{"name":"wp","href":"https:\/\/api.w.org\/{rel}","templated":true}]}}