{"id":790,"date":"2026-04-08T14:57:45","date_gmt":"2026-04-08T14:57:45","guid":{"rendered":"https:\/\/ammpf.mx\/en\/?page_id=790"},"modified":"2026-04-08T15:04:15","modified_gmt":"2026-04-08T15:04:15","slug":"afiliarme","status":"publish","type":"page","link":"https:\/\/ammpf.mx\/en\/afiliarme\/","title":{"rendered":"Afiliarme"},"content":{"rendered":"\t\t<div data-elementor-type=\"wp-page\" data-elementor-id=\"790\" class=\"elementor elementor-790\" data-elementor-post-type=\"page\">\n\t\t\t\t<div data-particle_enable=\"false\" data-particle-mobile-disabled=\"false\" class=\"elementor-element elementor-element-29d9f22c e-con-full e-flex e-con e-parent\" data-id=\"29d9f22c\" data-element_type=\"container\" data-settings=\"{&quot;background_background&quot;:&quot;classic&quot;}\">\n\t\t<div data-particle_enable=\"false\" data-particle-mobile-disabled=\"false\" class=\"elementor-element elementor-element-2dbf97a5 e-con-full e-flex e-con e-child\" data-id=\"2dbf97a5\" data-element_type=\"container\" data-settings=\"{&quot;motion_fx_motion_fx_scrolling&quot;:&quot;yes&quot;,&quot;motion_fx_translateY_effect&quot;:&quot;yes&quot;,&quot;motion_fx_translateY_direction&quot;:&quot;negative&quot;,&quot;motion_fx_translateY_speed&quot;:{&quot;unit&quot;:&quot;px&quot;,&quot;size&quot;:7,&quot;sizes&quot;:[]},&quot;motion_fx_blur_effect&quot;:&quot;yes&quot;,&quot;motion_fx_blur_direction&quot;:&quot;out-in-out&quot;,&quot;motion_fx_blur_level&quot;:{&quot;unit&quot;:&quot;px&quot;,&quot;size&quot;:15,&quot;sizes&quot;:[]},&quot;motion_fx_blur_range&quot;:{&quot;unit&quot;:&quot;%&quot;,&quot;size&quot;:&quot;&quot;,&quot;sizes&quot;:{&quot;start&quot;:0,&quot;end&quot;:60}},&quot;motion_fx_translateY_affectedRange&quot;:{&quot;unit&quot;:&quot;%&quot;,&quot;size&quot;:&quot;&quot;,&quot;sizes&quot;:{&quot;start&quot;:0,&quot;end&quot;:100}},&quot;motion_fx_devices&quot;:[&quot;desktop&quot;,&quot;tablet&quot;,&quot;mobile&quot;]}\">\n\t\t\t\t<\/div>\n\t\t\t\t<\/div>\n\t\t<div data-particle_enable=\"false\" data-particle-mobile-disabled=\"false\" class=\"elementor-element elementor-element-243bc5b e-flex e-con-boxed e-con e-parent\" data-id=\"243bc5b\" data-element_type=\"container\" data-settings=\"{&quot;background_background&quot;:&quot;classic&quot;}\">\n\t\t\t\t\t<div class=\"e-con-inner\">\n\t\t<div data-particle_enable=\"false\" data-particle-mobile-disabled=\"false\" class=\"elementor-element elementor-element-9b369f5 e-con-full e-flex e-con e-child\" data-id=\"9b369f5\" data-element_type=\"container\" data-settings=\"{&quot;animation&quot;:&quot;none&quot;}\">\n\t\t\t\t<div class=\"elementor-element elementor-element-5de821a animated-slow elementor-widget elementor-widget-heading\" data-id=\"5de821a\" data-element_type=\"widget\" data-settings=\"{&quot;_animation&quot;:&quot;none&quot;,&quot;_animation_delay&quot;:350,&quot;_animation_mobile&quot;:&quot;slideInDown&quot;}\" data-widget_type=\"heading.default\">\n\t\t\t\t\t<h2 class=\"elementor-heading-title elementor-size-default\">AF\u00cdLIATE A LA AMMPF<\/h2>\t\t\t\t<\/div>\n\t\t\t\t<div class=\"elementor-element elementor-element-50cf3ad elementor-widget__width-inherit elementor-widget-tablet__width-initial elementor-widget-mobile__width-inherit e-transform animated-slow elementor-widget-divider--view-line elementor-widget elementor-widget-divider\" data-id=\"50cf3ad\" data-element_type=\"widget\" data-settings=\"{&quot;_animation&quot;:&quot;none&quot;,&quot;_animation_delay&quot;:450,&quot;_transform_rotateZ_effect_tablet&quot;:{&quot;unit&quot;:&quot;px&quot;,&quot;size&quot;:&quot;90&quot;,&quot;sizes&quot;:[]},&quot;_transform_rotateZ_effect_mobile&quot;:{&quot;unit&quot;:&quot;px&quot;,&quot;size&quot;:&quot;0&quot;,&quot;sizes&quot;:[]},&quot;_animation_mobile&quot;:&quot;fadeIn&quot;,&quot;_transform_rotateZ_effect&quot;:{&quot;unit&quot;:&quot;px&quot;,&quot;size&quot;:&quot;&quot;,&quot;sizes&quot;:[]}}\" data-widget_type=\"divider.default\">\n\t\t\t\t\t\t\t<div class=\"elementor-divider\">\n\t\t\t<span class=\"elementor-divider-separator\">\n\t\t\t\t\t\t<\/span>\n\t\t<\/div>\n\t\t\t\t\t\t<\/div>\n\t\t\t\t<div class=\"elementor-element elementor-element-f09da1f animated-slow elementor-widget elementor-widget-text-editor\" data-id=\"f09da1f\" data-element_type=\"widget\" data-settings=\"{&quot;_animation&quot;:&quot;none&quot;,&quot;_animation_delay&quot;:500,&quot;_animation_mobile&quot;:&quot;zoomIn&quot;}\" data-widget_type=\"text-editor.default\">\n\t\t\t\t\t\t\t\t\t<p>La <strong>Asociaci\u00f3n Mexicana de Medicina Preventiva y Funcional<\/strong> se ha consolidado como un espacio de encuentro acad\u00e9mico y profesional, donde m\u00e9dicos, cl\u00ednicas y organizaciones del sector salud han encontrado una plataforma para dialogar, investigar y fortalecer su <strong>pr\u00e1ctica m\u00e9dica<\/strong> desde una <strong>perspectiva funcional y preventiva<\/strong>.<\/p><p>S\u00famate a este modelo de atenci\u00f3n m\u00e9dica basado en el estudio, la colaboraci\u00f3n y la mejora continua, y contribuyamos juntos al desarrollo de una medicina que prioriza la comprensi\u00f3n integral de la salud, la investigaci\u00f3n cient\u00edfica y la calidad de vida de la sociedad.<\/p><p><strong>Beneficios de ser miembro<\/strong><\/p><p>* Acceso a contenidos y art\u00edculos especializados de primera mano<br \/>* Descuentos preferenciales en congresos, cursos y eventos acad\u00e9micos<br \/>* Sesiones educativas, pl\u00e1ticas y actualizaciones cl\u00ednicas exclusivas<br \/>* Comunidad profesional para intercambio de conocimiento y networking<br \/>* Recursos y herramientas para fortalecer tu pr\u00e1ctica cl\u00ednica<\/p>\t\t\t\t\t\t\t\t<\/div>\n\t\t\t\t<div class=\"elementor-element elementor-element-881ef18 animated-slow elementor-invisible elementor-widget elementor-widget-heading\" data-id=\"881ef18\" data-element_type=\"widget\" data-settings=\"{&quot;_animation&quot;:&quot;fadeInLeft&quot;,&quot;_animation_delay&quot;:350,&quot;_animation_mobile&quot;:&quot;zoomIn&quot;}\" data-widget_type=\"heading.default\">\n\t\t\t\t\t<h2 class=\"elementor-heading-title elementor-size-default\">Datos de Contacto<\/h2>\t\t\t\t<\/div>\n\t\t\t\t<div class=\"elementor-element elementor-element-03d533f elementor-button-align-stretch elementor-widget elementor-widget-form\" data-id=\"03d533f\" data-element_type=\"widget\" data-settings=\"{&quot;step_next_label&quot;:&quot;Next&quot;,&quot;step_previous_label&quot;:&quot;Previous&quot;,&quot;button_width&quot;:&quot;100&quot;,&quot;step_type&quot;:&quot;number_text&quot;,&quot;step_icon_shape&quot;:&quot;circle&quot;}\" data-widget_type=\"form.default\">\n\t\t\t\t\t\t\t<form class=\"elementor-form\" method=\"post\" name=\"New Form\" aria-label=\"New Form\">\n\t\t\t<input type=\"hidden\" name=\"post_id\" value=\"790\"\/>\n\t\t\t<input type=\"hidden\" name=\"form_id\" value=\"03d533f\"\/>\n\t\t\t<input type=\"hidden\" name=\"referer_title\" value=\"Afiliarme - Asociaci\u00f3n Mexicana de Medicina Preventiva y Funcional\" \/>\n\n\t\t\t\t\t\t\t<input type=\"hidden\" name=\"queried_id\" value=\"790\"\/>\n\t\t\t\n\t\t\t<div class=\"elementor-form-fields-wrapper elementor-labels-above\">\n\t\t\t\t\t\t\t\t<div class=\"elementor-field-type-text elementor-field-group elementor-column elementor-field-group-name elementor-col-100 elementor-field-required elementor-mark-required\">\n\t\t\t\t\t\t\t\t\t\t\t\t<label for=\"form-field-name\" class=\"elementor-field-label\">\n\t\t\t\t\t\t\t\tNombre\t\t\t\t\t\t\t<\/label>\n\t\t\t\t\t\t\t\t\t\t\t\t\t\t<input size=\"1\" type=\"text\" name=\"form_fields[name]\" id=\"form-field-name\" class=\"elementor-field elementor-size-xs  elementor-field-textual\" required=\"required\">\n\t\t\t\t\t\t\t\t\t\t\t<\/div>\n\t\t\t\t\t\t\t\t<div class=\"elementor-field-type-tel elementor-field-group elementor-column elementor-field-group-field_4a37e04 elementor-col-50 elementor-field-required elementor-mark-required\">\n\t\t\t\t\t\t\t\t\t\t\t\t<label for=\"form-field-field_4a37e04\" class=\"elementor-field-label\">\n\t\t\t\t\t\t\t\tTel\u00e9fono\t\t\t\t\t\t\t<\/label>\n\t\t\t\t\t\t\t\t<input size=\"1\" type=\"tel\" name=\"form_fields[field_4a37e04]\" id=\"form-field-field_4a37e04\" class=\"elementor-field elementor-size-xs  elementor-field-textual\" required=\"required\" pattern=\"[0-9()#&amp;+*-=.]+\" title=\"Only numbers and phone characters (#, -, *, etc) are accepted.\">\n\n\t\t\t\t\t\t<\/div>\n\t\t\t\t\t\t\t\t<div class=\"elementor-field-type-email elementor-field-group elementor-column elementor-field-group-email elementor-col-50 elementor-field-required elementor-mark-required\">\n\t\t\t\t\t\t\t\t\t\t\t\t<label for=\"form-field-email\" class=\"elementor-field-label\">\n\t\t\t\t\t\t\t\tEmail\t\t\t\t\t\t\t<\/label>\n\t\t\t\t\t\t\t\t\t\t\t\t\t\t<input size=\"1\" type=\"email\" name=\"form_fields[email]\" id=\"form-field-email\" class=\"elementor-field elementor-size-xs  elementor-field-textual\" required=\"required\">\n\t\t\t\t\t\t\t\t\t\t\t<\/div>\n\t\t\t\t\t\t\t\t<div class=\"elementor-field-type-textarea elementor-field-group elementor-column elementor-field-group-message elementor-col-100\">\n\t\t\t\t\t\t\t\t\t\t\t\t<label for=\"form-field-message\" class=\"elementor-field-label\">\n\t\t\t\t\t\t\t\tMensaje\t\t\t\t\t\t\t<\/label>\n\t\t\t\t\t\t<textarea class=\"elementor-field-textual elementor-field  elementor-size-xs\" name=\"form_fields[message]\" id=\"form-field-message\" rows=\"4\"><\/textarea>\t\t\t\t<\/div>\n\t\t\t\t\t\t\t\t<div class=\"elementor-field-group elementor-column elementor-field-type-submit elementor-col-100 e-form__buttons\">\n\t\t\t\t\t<button class=\"elementor-button elementor-size-sm\" type=\"submit\">\n\t\t\t\t\t\t<span class=\"elementor-button-content-wrapper\">\n\t\t\t\t\t\t\t\t\t\t\t\t\t\t\t\t\t\t\t\t\t\t<span class=\"elementor-button-text\">Enviar<\/span>\n\t\t\t\t\t\t\t\t\t\t\t\t\t<\/span>\n\t\t\t\t\t<\/button>\n\t\t\t\t<\/div>\n\t\t\t<\/div>\n\t\t<\/form>\n\t\t\t\t\t\t<\/div>\n\t\t\t\t<\/div>\n\t\t\t\t\t<\/div>\n\t\t\t\t<\/div>\n\t\t\t\t<\/div>\n\t\t","protected":false},"excerpt":{"rendered":"<p>AF\u00cdLIATE A LA AMMPF La Asociaci\u00f3n Mexicana de Medicina Preventiva y Funcional se ha consolidado como un espacio de encuentro acad\u00e9mico y profesional, donde m\u00e9dicos, cl\u00ednicas y organizaciones del sector salud han encontrado una plataforma para dialogar, investigar y fortalecer su pr\u00e1ctica m\u00e9dica desde una perspectiva funcional y preventiva. S\u00famate a este modelo de atenci\u00f3n [&hellip;]<\/p>\n","protected":false},"author":1,"featured_media":0,"parent":0,"menu_order":0,"comment_status":"closed","ping_status":"closed","template":"","meta":{"footnotes":""},"class_list":["post-790","page","type-page","status-publish","hentry"],"yoast_head":"<!-- This site is optimized with the Yoast SEO plugin v26.8 - https:\/\/yoast.com\/product\/yoast-seo-wordpress\/ -->\n<title>Afiliarme - Ammpf en<\/title>\n<meta name=\"robots\" content=\"index, follow, max-snippet:-1, max-image-preview:large, max-video-preview:-1\" \/>\n<link rel=\"canonical\" href=\"https:\/\/ammpf.mx\/en\/afiliarme\/\" \/>\n<meta property=\"og:locale\" content=\"en_US\" \/>\n<meta property=\"og:type\" content=\"article\" \/>\n<meta property=\"og:title\" content=\"Afiliarme - Ammpf en\" \/>\n<meta property=\"og:description\" content=\"AF\u00cdLIATE A LA AMMPF La Asociaci\u00f3n Mexicana de Medicina Preventiva y Funcional se ha consolidado como un espacio de encuentro acad\u00e9mico y profesional, donde m\u00e9dicos, cl\u00ednicas y organizaciones del sector salud han encontrado una plataforma para dialogar, investigar y fortalecer su pr\u00e1ctica m\u00e9dica desde una perspectiva funcional y preventiva. S\u00famate a este modelo de atenci\u00f3n [&hellip;]\" \/>\n<meta property=\"og:url\" content=\"https:\/\/ammpf.mx\/en\/afiliarme\/\" \/>\n<meta property=\"og:site_name\" content=\"Ammpf en\" \/>\n<meta property=\"article:modified_time\" content=\"2026-04-08T15:04:15+00:00\" \/>\n<meta name=\"twitter:card\" content=\"summary_large_image\" \/>\n<meta name=\"twitter:label1\" content=\"Est. reading time\" \/>\n\t<meta name=\"twitter:data1\" content=\"1 minute\" \/>\n<script type=\"application\/ld+json\" class=\"yoast-schema-graph\">{\"@context\":\"https:\/\/schema.org\",\"@graph\":[{\"@type\":\"WebPage\",\"@id\":\"https:\/\/ammpf.mx\/en\/afiliarme\/\",\"url\":\"https:\/\/ammpf.mx\/en\/afiliarme\/\",\"name\":\"Afiliarme - Ammpf en\",\"isPartOf\":{\"@id\":\"https:\/\/ammpf.mx\/en\/#website\"},\"datePublished\":\"2026-04-08T14:57:45+00:00\",\"dateModified\":\"2026-04-08T15:04:15+00:00\",\"breadcrumb\":{\"@id\":\"https:\/\/ammpf.mx\/en\/afiliarme\/#breadcrumb\"},\"inLanguage\":\"en-US\",\"potentialAction\":[{\"@type\":\"ReadAction\",\"target\":[\"https:\/\/ammpf.mx\/en\/afiliarme\/\"]}]},{\"@type\":\"BreadcrumbList\",\"@id\":\"https:\/\/ammpf.mx\/en\/afiliarme\/#breadcrumb\",\"itemListElement\":[{\"@type\":\"ListItem\",\"position\":1,\"name\":\"Home\",\"item\":\"https:\/\/ammpf.mx\/en\/\"},{\"@type\":\"ListItem\",\"position\":2,\"name\":\"Afiliarme\"}]},{\"@type\":\"WebSite\",\"@id\":\"https:\/\/ammpf.mx\/en\/#website\",\"url\":\"https:\/\/ammpf.mx\/en\/\",\"name\":\"Ammpf en\",\"description\":\"\",\"potentialAction\":[{\"@type\":\"SearchAction\",\"target\":{\"@type\":\"EntryPoint\",\"urlTemplate\":\"https:\/\/ammpf.mx\/en\/?s={search_term_string}\"},\"query-input\":{\"@type\":\"PropertyValueSpecification\",\"valueRequired\":true,\"valueName\":\"search_term_string\"}}],\"inLanguage\":\"en-US\"}]}<\/script>\n<!-- \/ Yoast SEO plugin. -->","yoast_head_json":{"title":"Afiliarme - Ammpf en","robots":{"index":"index","follow":"follow","max-snippet":"max-snippet:-1","max-image-preview":"max-image-preview:large","max-video-preview":"max-video-preview:-1"},"canonical":"https:\/\/ammpf.mx\/en\/afiliarme\/","og_locale":"en_US","og_type":"article","og_title":"Afiliarme - Ammpf en","og_description":"AF\u00cdLIATE A LA AMMPF La Asociaci\u00f3n Mexicana de Medicina Preventiva y Funcional se ha consolidado como un espacio de encuentro acad\u00e9mico y profesional, donde m\u00e9dicos, cl\u00ednicas y organizaciones del sector salud han encontrado una plataforma para dialogar, investigar y fortalecer su pr\u00e1ctica m\u00e9dica desde una perspectiva funcional y preventiva. S\u00famate a este modelo de atenci\u00f3n [&hellip;]","og_url":"https:\/\/ammpf.mx\/en\/afiliarme\/","og_site_name":"Ammpf en","article_modified_time":"2026-04-08T15:04:15+00:00","twitter_card":"summary_large_image","twitter_misc":{"Est. reading time":"1 minute"},"schema":{"@context":"https:\/\/schema.org","@graph":[{"@type":"WebPage","@id":"https:\/\/ammpf.mx\/en\/afiliarme\/","url":"https:\/\/ammpf.mx\/en\/afiliarme\/","name":"Afiliarme - Ammpf en","isPartOf":{"@id":"https:\/\/ammpf.mx\/en\/#website"},"datePublished":"2026-04-08T14:57:45+00:00","dateModified":"2026-04-08T15:04:15+00:00","breadcrumb":{"@id":"https:\/\/ammpf.mx\/en\/afiliarme\/#breadcrumb"},"inLanguage":"en-US","potentialAction":[{"@type":"ReadAction","target":["https:\/\/ammpf.mx\/en\/afiliarme\/"]}]},{"@type":"BreadcrumbList","@id":"https:\/\/ammpf.mx\/en\/afiliarme\/#breadcrumb","itemListElement":[{"@type":"ListItem","position":1,"name":"Home","item":"https:\/\/ammpf.mx\/en\/"},{"@type":"ListItem","position":2,"name":"Afiliarme"}]},{"@type":"WebSite","@id":"https:\/\/ammpf.mx\/en\/#website","url":"https:\/\/ammpf.mx\/en\/","name":"Ammpf en","description":"","potentialAction":[{"@type":"SearchAction","target":{"@type":"EntryPoint","urlTemplate":"https:\/\/ammpf.mx\/en\/?s={search_term_string}"},"query-input":{"@type":"PropertyValueSpecification","valueRequired":true,"valueName":"search_term_string"}}],"inLanguage":"en-US"}]}},"_links":{"self":[{"href":"https:\/\/ammpf.mx\/en\/wp-json\/wp\/v2\/pages\/790","targetHints":{"allow":["GET"]}}],"collection":[{"href":"https:\/\/ammpf.mx\/en\/wp-json\/wp\/v2\/pages"}],"about":[{"href":"https:\/\/ammpf.mx\/en\/wp-json\/wp\/v2\/types\/page"}],"author":[{"embeddable":true,"href":"https:\/\/ammpf.mx\/en\/wp-json\/wp\/v2\/users\/1"}],"replies":[{"embeddable":true,"href":"https:\/\/ammpf.mx\/en\/wp-json\/wp\/v2\/comments?post=790"}],"version-history":[{"count":7,"href":"https:\/\/ammpf.mx\/en\/wp-json\/wp\/v2\/pages\/790\/revisions"}],"predecessor-version":[{"id":798,"href":"https:\/\/ammpf.mx\/en\/wp-json\/wp\/v2\/pages\/790\/revisions\/798"}],"wp:attachment":[{"href":"https:\/\/ammpf.mx\/en\/wp-json\/wp\/v2\/media?parent=790"}],"curies":[{"name":"wp","href":"https:\/\/api.w.org\/{rel}","templated":true}]}}